{"id":1043,"date":"2026-05-11T12:07:39","date_gmt":"2026-05-11T10:07:39","guid":{"rendered":"https:\/\/lenzhaus.de\/?page_id=1043"},"modified":"2026-05-11T12:17:45","modified_gmt":"2026-05-11T10:17:45","slug":"privacy-notice","status":"publish","type":"page","link":"https:\/\/lenzhaus.de\/en\/privacy-notice\/","title":{"rendered":"Privacy Notice"},"content":{"rendered":"<div class=\"wpb-content-wrapper\"><p>[vc_row padding_top_multiplier=&#8221;5x&#8221;][vc_column]<h3 class=\"grve-element grve-title grve-align-left grve-animated-item grve-duration-normal grve-fade-in grve-h2\" style=\"\" data-delay=\"200\"><span>Datenschutzerkl\u00e4rung<\/span><\/h3>[\/vc_column][\/vc_row][vc_row][vc_column][vc_column_text css=&#8221;&#8221;]Wir freuen uns \u00fcber Ihren Besuch auf unserer Webseite. Nachfolgend m\u00f6chten wir Sie \u00fcber den Umgang mit Ihren Daten gem. Art. 13 Datenschutz-Grundverordnung (DSGVO) informieren.<\/p>\n<h3>Verantwortlicher<\/h3>\n<p>Verantwortlich f\u00fcr die nachfolgend dargestellten Datenverarbeitungen ist die im Impressum genannte Stelle.<\/p>\n<h3>Nutzungsdaten<\/h3>\n<p>Wenn Sie unsere Webseiten besuchen, werden auf unserem Webserver tempor\u00e4r sogenannte Nutzungsdaten zu statistischen Zwecken als Protokoll ausgewertet, um die Qualit\u00e4t unserer Webseiten zu verbessern. Dieser Datensatz besteht aus<\/p>\n<ul>\n<li>dem Namen und der Adresse der angeforderten Inhalte,<\/li>\n<li>dem Datum und der Uhrzeit der Abfrage,<\/li>\n<li>der \u00fcbertragenen Datenmenge,<\/li>\n<li>dem Zugriffsstatus (Inhalt \u00fcbertragen, Inhalt nicht gefunden),<\/li>\n<li>der Beschreibung des verwendeten Webbrowsers und des Betriebssystems,<\/li>\n<li>dem Referral-Link, der angibt, von welcher Seite Sie auf unsere gelangt sind,<\/li>\n<li>der IP-Adresse des anfragenden Rechners, die so verk\u00fcrzt wird, dass ein Personenbezug nicht mehr herstellbar ist.<\/li>\n<\/ul>\n<p>Die genannten Protokolldaten werden nur anonymisiert ausgewertet.<\/p>\n<p>Rechtsgrundlage der Verarbeitung der Nutzungsdaten ist\u00a0Art.\u00a06 Abs.\u00a01 S.\u00a01 lit.\u00a0f DSGVO. Die Verarbeitung erfolgt in dem berechtigten Interesse, die Inhalte der Webseite\u00a0bereitzustellen und eine Ger\u00e4te- sowie Browseroptimierte Darstellung\u00a0sicherzustellen.<\/p>\n<h3>Datensicherheit<\/h3>\n<p>Um Ihre Daten vor unerw\u00fcnschten Zugriffen m\u00f6glichst umfassend zu sch\u00fctzen, treffen wir technische und organisatorische Ma\u00dfnahmen. Wir setzen auf unseren Webseiten ein Verschl\u00fcsselungsverfahren ein. Ihre Angaben werden von Ihrem Rechner zu unserem Server und umgekehrt \u00fcber das Internet mittels einer TLS-Verschl\u00fcsselung \u00fcbertragen. Sie erkennen dies in der Regel daran, dass in der Statusleiste Ihres Browsers das Schloss-Symbol geschlossen ist und die Adresszeile mit https:\/\/ beginnt.<\/p>\n<h3>Erforderliche Cookies<\/h3>\n<p>Auf unseren Webseiten setzen wir Cookies ein, die zur Nutzung unserer Webseiten erforderlich sind.<\/p>\n<p>Cookies sind kleine Textdateien, die auf Ihrem Endger\u00e4t gespeichert und ausgelesen werden k\u00f6nnen. Man unterscheidet zwischen Session-Cookies, die wieder gel\u00f6scht werden, sobald Sie ihren Browser schlie\u00dfen und permanenten Cookies, die \u00fcber die einzelne Sitzung hinaus gespeichert werden.<\/p>\n<p>Wir nutzen diese erforderlichen Cookies nicht f\u00fcr Analyse-, Tracking- oder Werbezwecke.<\/p>\n<p>Teilweise enthalten diese Cookies lediglich Informationen zu bestimmten Einstellungen und sind nicht personenbeziehbar. Sie k\u00f6nnen auch notwendig sein, um die Benutzerf\u00fchrung, Sicherheit und Umsetzung der Seite zu erm\u00f6glichen.<\/p>\n<p>Wir nutzen diese Cookies auf Grundlage unseres berechtigten Interesses nach Art. 6 Abs. 1 S. 1 lit. f DSGVO.<\/p>\n<p>Sie k\u00f6nnen Ihren Browser so einstellen, dass er Sie \u00fcber die Platzierung von Cookies informiert. \u00a0Zudem k\u00f6nnen Sie diese jederzeit \u00fcber die entsprechende Browsereinstellung l\u00f6schen und das Setzen neuer Cookies verhindern. Bitte beachten Sie, dass unsere Webseiten dann gegebenenfalls nicht vollst\u00e4ndig angezeigt werden k\u00f6nnen und einige Funktionen technisch nicht mehr zur Verf\u00fcgung stehen.<\/p>\n<table>\n<tbody>\n<tr>\n<td><strong>Name<\/strong><\/td>\n<td><strong>Zweck<\/strong><\/td>\n<td><strong>Speicherdauer<\/strong><\/td>\n<\/tr>\n<tr>\n<td>\u200b wpEmojiSettingsSupports<\/p>\n<p>&nbsp;<\/td>\n<td>\u200b Hosting<\/td>\n<td>\u200b<\/td>\n<\/tr>\n<tr>\n<td>klaro<\/td>\n<td>Consent<\/p>\n<p>Managemen<\/p>\n<p>t<\/td>\n<td>11 M. 30 Tg.<\/td>\n<\/tr>\n<tr>\n<td>resolution<\/td>\n<td>Speichert die Bildschirmaufl\u00f6sung des Nutzers, um die korrekte Darstellung der Website sicherzustellen.<\/td>\n<td><\/td>\n<\/tr>\n<\/tbody>\n<\/table>\n<h3>Einwilligungsbanner<\/h3>\n<p>Auf unseren Webseiten nutzen wir eine Consent-Management-Plattform (Einwilligungs- bzw. Cookie-Banner). Die Verarbeitungen im Zusammenhang mit dem Einsatz der Consent-Management-Plattform sowie der Protokollierung der von Ihnen vorgenommenen Einstellungen erfolgt auf Grundlage von Art. 6 Abs. 1 S. 1 lit. f DSGVO, in unserem berechtigten Interesse unsere Inhalte entsprechend Ihrer Pr\u00e4ferenzen auszuspielen und Ihre erteilte(n) Einwilligung(en) nachweisen zu k\u00f6nnen.\u00a0 Ihre vorgenommenen Einstellungen, die damit erteilten Einwilligungen sowie Teile Ihrer Nutzungsdaten werden in einem Cookie gespeichert. Damit bleibt dieser f\u00fcr nachfolgende Seitenanfragen erhalten und Ihre Einwilligungen k\u00f6nnen weiterhin nachvollzogen werden.\u00a0Weitere Informationen finden Sie hierzu unter dem Gliederungspunkt \u201eerforderliche Cookies\u201c.<\/p>\n<p>Der Anbieter der Consent-Management-Plattform ist f\u00fcr uns als streng weisungsgebundenen Dienstleister (Auftragsverarbeiter) t\u00e4tig. Ein Auftragsverarbeitungsvertrag gem. Art. 28 DSGVO wurde vereinbart.\u00a0\u00a0\u200b<\/p>\n<h3>Eingebettete Videos<\/h3>\n<p>Auf unseren Webseiten betten wir Videos ein, die nicht auf unseren Servern gespeichert sind. Damit der Aufruf unserer Webseiten mit eingebetteten Videos nicht automatisch dazu f\u00fchrt, dass Inhalte des Drittanbieters nachgeladen werden, zeigen wir in einem ersten Schritt nur lokal abgespeicherte Vorschaubilder der Videos an. Hierdurch erh\u00e4lt der Drittanbieter keine Informationen.<\/p>\n<p>Erst nach einem Klick auf das Vorschaubild, werden Inhalte des Drittanbieters nachgeladen. Hierdurch erh\u00e4lt der Drittanbieter die Information, dass Sie unsere Seite aufgerufen haben sowie die in diesem Rahmen technisch erforderlichen Nutzungsdaten. Au\u00dferdem ist der Drittanbieter dann in der Lage Trackingtechnologien zu implementieren. Wir haben auf die weitere Datenverarbeitung durch den Drittanbieter keinen Einfluss. Mit dem Klick auf das Vorschaubild geben Sie uns die Einwilligung, Inhalte des Drittanbieters nachzuladen.<\/p>\n<p>Die Einbettung erfolgt auf Grundlage Ihrer Einwilligung, sofern Sie Ihre Einwilligung \u00fcber einen Klick auf das Vorschaubild abgegeben haben.\u00a0Sofern die Daten in diesem Rahmen au\u00dferhalb der EU bzw. des EWR (insbesondere in den USA) verarbeitet werden, machen wir in der nachfolgenden Tabelle Angaben zum Datenschutzniveau.<\/p>\n<table>\n<tbody>\n<tr>\n<td><strong>Anbieter<\/strong><\/td>\n<td><strong>Maximale Speicherdauer<\/strong><\/td>\n<td><strong>Angemessenes Datenschutzniveau<\/strong><\/td>\n<td><strong>Widerruf der Einwilligung<\/strong><\/td>\n<\/tr>\n<tr>\n<td>Vimeo<\/td>\n<td>\u200b<\/td>\n<td>\u200bF\u00fcr \u00dcbermittlungen in die USA ist ein angemessenes Datenschutzniveau aufgrund der Zertifizierung des Anbieters unter dem Angemessenheitsbeschluss (EU-U.S. Data Privacy Framework) gew\u00e4hrleistet.\u200b<\/td>\n<td>Wenn Sie ein Vorschaubild angeklickt haben, werden die Inhalte des Drittanbieters sofort nachgeladen. Wenn Sie ein solches Nachladen auf anderen Seiten nicht w\u00fcnschen, klicken Sie bitte die Vorschaubilder nicht mehr an.<\/td>\n<\/tr>\n<\/tbody>\n<\/table>\n<p>[\/vc_column_text][vc_column_text css=&#8221;&#8221;]<\/p>\n<h3>Einbindung sonstiger technischer Drittinhalte und Funktionen<\/h3>\n<p>Wir nutzen zur Darstellung unserer Webseiten die unten genannten technischen Funktionen und Inhalte von Drittanbietern.<\/p>\n<p>Ein Aufruf unserer Seiten f\u00fchrt dazu, dass Inhalte der Drittanbieter nachgeladen werden, der diese Funktionen und Inhalte bereitstellt. Hierdurch erh\u00e4lt der Drittanbieter die Information, dass Sie unsere Seite aufgerufen haben sowie die in diesem Rahmen technisch erforderlichen Nutzungsdaten.<\/p>\n<p>Wir haben auf die weitere Datenverarbeitung durch den Drittanbieter keinen Einfluss.<\/p>\n<p>Die Datenverarbeitung erfolgt auf Grundlage Ihrer Einwilligung, sofern Sie Ihre Einwilligung zuvor \u00fcber unsere Bannerl\u00f6sung abgegeben haben.<\/p>\n<p>Bitte beachten Sie, dass die Nutzung von Drittinhalten und Funktionen dazu f\u00fchren kann, dass Ihre Daten au\u00dferhalb der EU bzw. des EWR (insbesondere in den USA) verarbeitet werden. F\u00fcr \u00dcbermittlungen in die USA ist ein angemessenes Datenschutzniveau aufgrund des Angemessenheitsbeschlusses (EU-U.S. Data Privacy Framework) gew\u00e4hrleistet.<\/p>\n<table>\n<tbody>\n<tr>\n<td><strong>Anbieter<\/strong><\/td>\n<td><strong>Technische Funktion oder Inhalt<\/strong><\/td>\n<td><strong>ggf. maximale<\/strong><br \/>\n<strong>Speicherdauer<\/strong><\/td>\n<td><strong>\u200b<\/strong><strong>Angemessenes Datenschutzniveau<\/strong><strong>\u200b<\/strong><\/td>\n<td><strong>Widerruf der Einwilligung<\/strong><\/td>\n<\/tr>\n<tr>\n<td>CloudFlare<\/td>\n<td>Web-<\/p>\n<p>Speicher<\/td>\n<td><\/td>\n<td>F\u00fcr \u00dcbermittlungen in die USA ist ein angemessenes Datenschutzniveau aufgrund der Zertifizierung des Anbieters unter dem Angemessenheitsbeschluss (EU-U.S. Data Privacy Framework) gew\u00e4hrleistet.\u200b<\/td>\n<td>Wenn Sie Ihre Einwilligung widerrufen m\u00f6chten,\u00a0klicken Sie bitte\u00a0<a href=\"#show-klaro\"><u>hier<\/u><\/a>\u00a0und treffen die entsprechende Einstellung \u00fcber unser Banner.<\/td>\n<\/tr>\n<\/tbody>\n<\/table>\n<h3>Speicherdauer<\/h3>\n<p>Sofern wir nicht im Einzelnen bereits \u00fcber die Speicherdauer informiert haben, l\u00f6schen wir personenbezogene Daten, wenn sie f\u00fcr die vorgenannten Verarbeitungszwecke nicht mehr erforderlich sind und keine berechtigten Interessen oder andere (gesetzliche) Aufbewahrungsgr\u00fcnde einer L\u00f6schung entgegenstehen.<\/p>\n<h3>Ihre Rechte als betroffene Person<\/h3>\n<p>Bei der Verarbeitung Ihrer personenbezogenen Daten gew\u00e4hrt die DSGVO Ihnen als betroffene Person bestimmte Rechte:<\/p>\n<p><em>Auskunftsrecht (Art. 15 DSGVO)<\/em><\/p>\n<p>Sie haben das Recht eine Best\u00e4tigung dar\u00fcber zu verlangen, ob Sie betreffende personenbezogene Daten verarbeitet werden; ist dies der Fall, so haben Sie ein Recht auf Auskunft \u00fcber diese personenbezogenen Daten und auf die in Art. 15 DSGVO im Einzelnen aufgef\u00fchrten Informationen.<\/p>\n<p><em>Recht auf Berichtigung (Art. 16 DSGVO)<\/em><\/p>\n<p>Sie haben das Recht, unverz\u00fcglich die Berichtigung Sie betreffender unrichtiger personenbezogener Daten und ggf. die Vervollst\u00e4ndigung unvollst\u00e4ndiger Daten zu verlangen.<\/p>\n<p><em>Recht auf L\u00f6schung (Art. 17 DSGVO)<\/em><\/p>\n<p>Sie haben das Recht, zu verlangen, dass Sie betreffende personenbezogene Daten unverz\u00fcglich gel\u00f6scht werden, sofern einer der in Art. 17 DSGVO im Einzelnen aufgef\u00fchrten Gr\u00fcnde zutrifft.<\/p>\n<p><em>Recht auf Einschr\u00e4nkung der Verarbeitung (Art. 18 DSGVO)<\/em><\/p>\n<p>Sie haben das Recht, die Einschr\u00e4nkung der Verarbeitung zu verlangen, wenn eine der in Art. 18 DSGVO aufgef\u00fchrten Voraussetzungen gegeben ist, z. B. wenn Sie Widerspruch gegen die Verarbeitung eingelegt haben, f\u00fcr die Dauer der Pr\u00fcfung durch den Verantwortlichen.<\/p>\n<p><em>Recht auf Daten\u00fcbertragbarkeit (Art. 20 DSGVO)<\/em><\/p>\n<p>In bestimmten F\u00e4llen, die in Art. 20 DSGVO im Einzelnen aufgef\u00fchrt sind, haben Sie das Recht, die Sie betreffenden personenbezogenen Daten in einem strukturierten, g\u00e4ngigen und maschinenlesbaren Format zu erhalten bzw. die \u00dcbermittlung dieser Daten an einen Dritten zu verlangen.<\/p>\n<p><em>Widerrufsrecht (Art. 7 DSGVO)<\/em><\/p>\n<p>Sofern die Verarbeitung von Daten auf Grundlage Ihrer Einwilligung erfolgt, sind Sie nach Art. 7 Abs. 3 DSGVO berechtigt, die Einwilligung in die Verwendung Ihrer personenbezogenen Daten jederzeit zu widerrufen. Bitte beachten Sie, dass der Widerruf erst f\u00fcr die Zukunft wirkt. Verarbeitungen, die vor dem Widerruf erfolgt sind, sind davon nicht betroffen.<\/p>\n<p><em>Widerspruchsrecht (Art. 21 DSGVO)<\/em><\/p>\n<p>Werden Daten auf Grundlage von Art. 6 Abs. 1 S. 1 lit. f DSGVO (Datenverarbeitung zur Wahrung berechtigter Interessen) oder auf Grundlage von Art. 6 Abs. 1 S. 1 lit. e DSGVO (Datenverarbeitung zur Wahrung \u00f6ffentlichen Interesse oder in Aus\u00fcbung \u00f6ffentlicher Gewalt) erhoben, steht Ihnen das Recht zu, aus Gr\u00fcnden, die sich aus Ihrer besonderen Situation ergeben, jederzeit gegen die Verarbeitung Widerspruch einzulegen. Wir verarbeiten die personenbezogenen Daten dann nicht mehr, es sei denn, es liegen nachweisbar zwingende schutzw\u00fcrdige Gr\u00fcnde f\u00fcr die Verarbeitung vor, die gegen\u00fcber Ihren Interessen, Rechten und Freiheiten \u00fcberwiegen, oder die Verarbeitung dient der Geltendmachung, Aus\u00fcbung oder Verteidigung von Rechtsanspr\u00fcchen.<\/p>\n<p><em>Beschwerderecht bei einer Aufsichtsbeh\u00f6rde (Art. 77 DSGVO)<\/em><\/p>\n<p>Sie haben gem. Art. 77 DSGVO das Recht auf Beschwerde bei einer Aufsichtsbeh\u00f6rde, wenn Sie der Ansicht sind, dass die Verarbeitung der Sie betreffenden Daten gegen datenschutzrechtliche Bestimmungen verst\u00f6\u00dft. Das Beschwerderecht kann insbesondere bei einer Aufsichtsbeh\u00f6rde in dem Mitgliedstaat Ihres gew\u00f6hnlichen Aufenthaltsorts, Ihres Arbeitsplatzes oder des Orts des mutma\u00dflichen Versto\u00dfes geltend gemacht werden.<\/p>\n<p><em>Geltendmachung Ihrer Rechte<\/em><\/p>\n<p>Sofern vorstehend nichts anderes beschrieben wurde, wenden Sie sich zur Geltendmachung Ihrer Betroffenenrechte bitte an die im Impressum\u00a0genannte Stelle.<\/p>\n<h3>Kontaktdaten des Datenschutzbeauftragten<\/h3>\n<p>Unser externer Datenschutzbeauftragter steht Ihnen gerne f\u00fcr Ausk\u00fcnfte zum Thema Datenschutz unter folgenden Kontaktdaten zur Verf\u00fcgung:<\/p>\n<p>datenschutz nord GmbH<br \/>\nSechslingspforte 2<br \/>\n22087 Hamburg<br \/>\nWeb:\u00a0<a href=\"https:\/\/www.dsn-group.de\/\">https:\/\/www.dsn-group.de\/<\/a><br \/>\nE-Mail:\u00a0<a href=\"mailto:office@datenschutz-nord.de\">office@datenschutz-nord.de<\/a><\/p>\n<p>Wenn Sie sich an unseren Datenschutzbeauftragten wenden, geben Sie hierbei bitte auch die verantwortliche Stelle an, die im\u00a0Impressum\u00a0genannt wird.[\/vc_column_text][\/vc_column][\/vc_row]<\/p>\n<\/div>","protected":false},"excerpt":{"rendered":"<p>[vc_row padding_top_multiplier=&#8221;5x&#8221;][vc_column][\/vc_column][\/vc_row][vc_row][vc_column][vc_column_text css=&#8221;&#8221;]Wir freuen uns \u00fcber Ihren Besuch auf unserer Webseite. Nachfolgend m\u00f6chten wir Sie \u00fcber den Umgang mit Ihren Daten gem. Art. 13 Datenschutz-Grundverordnung (DSGVO) informieren. Verantwortlicher Verantwortlich f\u00fcr die nachfolgend dargestellten Datenverarbeitungen ist die im Impressum genannte Stelle. Nutzungsdaten Wenn Sie unsere Webseiten besuchen, werden auf unserem Webserver tempor\u00e4r sogenannte Nutzungsdaten zu statistischen [&hellip;]<\/p>\n","protected":false},"author":1,"featured_media":0,"parent":0,"menu_order":0,"comment_status":"closed","ping_status":"closed","template":"","meta":{"footnotes":""},"class_list":["post-1043","page","type-page","status-publish","hentry"],"yoast_head":"<!-- This site is optimized with the Yoast SEO plugin v27.5 - https:\/\/yoast.com\/product\/yoast-seo-wordpress\/ -->\n<title>Privacy Notice - Lenzhaus<\/title>\n<meta name=\"robots\" content=\"index, follow, max-snippet:-1, max-image-preview:large, max-video-preview:-1\" \/>\n<link rel=\"canonical\" href=\"https:\/\/lenzhaus.de\/en\/privacy-notice\/\" \/>\n<meta property=\"og:locale\" content=\"en_US\" \/>\n<meta property=\"og:type\" content=\"article\" \/>\n<meta property=\"og:title\" content=\"Privacy Notice - Lenzhaus\" \/>\n<meta property=\"og:description\" content=\"[vc_row padding_top_multiplier=&#8221;5x&#8221;][vc_column][\/vc_column][\/vc_row][vc_row][vc_column][vc_column_text css=&#8221;&#8221;]Wir freuen uns \u00fcber Ihren Besuch auf unserer Webseite. Nachfolgend m\u00f6chten wir Sie \u00fcber den Umgang mit Ihren Daten gem. Art. 13 Datenschutz-Grundverordnung (DSGVO) informieren. Verantwortlicher Verantwortlich f\u00fcr die nachfolgend dargestellten Datenverarbeitungen ist die im Impressum genannte Stelle. Nutzungsdaten Wenn Sie unsere Webseiten besuchen, werden auf unserem Webserver tempor\u00e4r sogenannte Nutzungsdaten zu statistischen [&hellip;]\" \/>\n<meta property=\"og:url\" content=\"https:\/\/lenzhaus.de\/en\/privacy-notice\/\" \/>\n<meta property=\"og:site_name\" content=\"Lenzhaus\" \/>\n<meta property=\"article:modified_time\" content=\"2026-05-11T10:17:45+00:00\" \/>\n<meta name=\"twitter:card\" content=\"summary_large_image\" \/>\n<meta name=\"twitter:label1\" content=\"Est. reading time\" \/>\n\t<meta name=\"twitter:data1\" content=\"9 minutes\" \/>\n<script type=\"application\/ld+json\" class=\"yoast-schema-graph\">{\"@context\":\"https:\\\/\\\/schema.org\",\"@graph\":[{\"@type\":\"WebPage\",\"@id\":\"https:\\\/\\\/lenzhaus.de\\\/en\\\/privacy-notice\\\/\",\"url\":\"https:\\\/\\\/lenzhaus.de\\\/en\\\/privacy-notice\\\/\",\"name\":\"Privacy Notice - Lenzhaus\",\"isPartOf\":{\"@id\":\"https:\\\/\\\/lenzhaus.de\\\/#website\"},\"datePublished\":\"2026-05-11T10:07:39+00:00\",\"dateModified\":\"2026-05-11T10:17:45+00:00\",\"breadcrumb\":{\"@id\":\"https:\\\/\\\/lenzhaus.de\\\/en\\\/privacy-notice\\\/#breadcrumb\"},\"inLanguage\":\"en-US\",\"potentialAction\":[{\"@type\":\"ReadAction\",\"target\":[\"https:\\\/\\\/lenzhaus.de\\\/en\\\/privacy-notice\\\/\"]}]},{\"@type\":\"BreadcrumbList\",\"@id\":\"https:\\\/\\\/lenzhaus.de\\\/en\\\/privacy-notice\\\/#breadcrumb\",\"itemListElement\":[{\"@type\":\"ListItem\",\"position\":1,\"name\":\"Startseite\",\"item\":\"https:\\\/\\\/lenzhaus.de\\\/en\\\/\"},{\"@type\":\"ListItem\",\"position\":2,\"name\":\"Privacy Notice\"}]},{\"@type\":\"WebSite\",\"@id\":\"https:\\\/\\\/lenzhaus.de\\\/#website\",\"url\":\"https:\\\/\\\/lenzhaus.de\\\/\",\"name\":\"Lenzhaus\",\"description\":\"Berlins erstes B\u00fcro-Hochhaus\",\"potentialAction\":[{\"@type\":\"SearchAction\",\"target\":{\"@type\":\"EntryPoint\",\"urlTemplate\":\"https:\\\/\\\/lenzhaus.de\\\/?s={search_term_string}\"},\"query-input\":{\"@type\":\"PropertyValueSpecification\",\"valueRequired\":true,\"valueName\":\"search_term_string\"}}],\"inLanguage\":\"en-US\"}]}<\/script>\n<!-- \/ Yoast SEO plugin. -->","yoast_head_json":{"title":"Privacy Notice - Lenzhaus","robots":{"index":"index","follow":"follow","max-snippet":"max-snippet:-1","max-image-preview":"max-image-preview:large","max-video-preview":"max-video-preview:-1"},"canonical":"https:\/\/lenzhaus.de\/en\/privacy-notice\/","og_locale":"en_US","og_type":"article","og_title":"Privacy Notice - Lenzhaus","og_description":"[vc_row padding_top_multiplier=&#8221;5x&#8221;][vc_column][\/vc_column][\/vc_row][vc_row][vc_column][vc_column_text css=&#8221;&#8221;]Wir freuen uns \u00fcber Ihren Besuch auf unserer Webseite. Nachfolgend m\u00f6chten wir Sie \u00fcber den Umgang mit Ihren Daten gem. Art. 13 Datenschutz-Grundverordnung (DSGVO) informieren. Verantwortlicher Verantwortlich f\u00fcr die nachfolgend dargestellten Datenverarbeitungen ist die im Impressum genannte Stelle. Nutzungsdaten Wenn Sie unsere Webseiten besuchen, werden auf unserem Webserver tempor\u00e4r sogenannte Nutzungsdaten zu statistischen [&hellip;]","og_url":"https:\/\/lenzhaus.de\/en\/privacy-notice\/","og_site_name":"Lenzhaus","article_modified_time":"2026-05-11T10:17:45+00:00","twitter_card":"summary_large_image","twitter_misc":{"Est. reading time":"9 minutes"},"schema":{"@context":"https:\/\/schema.org","@graph":[{"@type":"WebPage","@id":"https:\/\/lenzhaus.de\/en\/privacy-notice\/","url":"https:\/\/lenzhaus.de\/en\/privacy-notice\/","name":"Privacy Notice - Lenzhaus","isPartOf":{"@id":"https:\/\/lenzhaus.de\/#website"},"datePublished":"2026-05-11T10:07:39+00:00","dateModified":"2026-05-11T10:17:45+00:00","breadcrumb":{"@id":"https:\/\/lenzhaus.de\/en\/privacy-notice\/#breadcrumb"},"inLanguage":"en-US","potentialAction":[{"@type":"ReadAction","target":["https:\/\/lenzhaus.de\/en\/privacy-notice\/"]}]},{"@type":"BreadcrumbList","@id":"https:\/\/lenzhaus.de\/en\/privacy-notice\/#breadcrumb","itemListElement":[{"@type":"ListItem","position":1,"name":"Startseite","item":"https:\/\/lenzhaus.de\/en\/"},{"@type":"ListItem","position":2,"name":"Privacy Notice"}]},{"@type":"WebSite","@id":"https:\/\/lenzhaus.de\/#website","url":"https:\/\/lenzhaus.de\/","name":"Lenzhaus","description":"Berlins erstes B\u00fcro-Hochhaus","potentialAction":[{"@type":"SearchAction","target":{"@type":"EntryPoint","urlTemplate":"https:\/\/lenzhaus.de\/?s={search_term_string}"},"query-input":{"@type":"PropertyValueSpecification","valueRequired":true,"valueName":"search_term_string"}}],"inLanguage":"en-US"}]}},"_links":{"self":[{"href":"https:\/\/lenzhaus.de\/en\/wp-json\/wp\/v2\/pages\/1043","targetHints":{"allow":["GET"]}}],"collection":[{"href":"https:\/\/lenzhaus.de\/en\/wp-json\/wp\/v2\/pages"}],"about":[{"href":"https:\/\/lenzhaus.de\/en\/wp-json\/wp\/v2\/types\/page"}],"author":[{"embeddable":true,"href":"https:\/\/lenzhaus.de\/en\/wp-json\/wp\/v2\/users\/1"}],"replies":[{"embeddable":true,"href":"https:\/\/lenzhaus.de\/en\/wp-json\/wp\/v2\/comments?post=1043"}],"version-history":[{"count":2,"href":"https:\/\/lenzhaus.de\/en\/wp-json\/wp\/v2\/pages\/1043\/revisions"}],"predecessor-version":[{"id":1045,"href":"https:\/\/lenzhaus.de\/en\/wp-json\/wp\/v2\/pages\/1043\/revisions\/1045"}],"wp:attachment":[{"href":"https:\/\/lenzhaus.de\/en\/wp-json\/wp\/v2\/media?parent=1043"}],"curies":[{"name":"wp","href":"https:\/\/api.w.org\/{rel}","templated":true}]}}